{"id":5651,"date":"2024-05-08T09:43:26","date_gmt":"2024-05-08T07:43:26","guid":{"rendered":"https:\/\/metalistaklo.hr\/kolacici\/"},"modified":"2024-07-30T15:39:54","modified_gmt":"2024-07-30T13:39:54","slug":"cookies","status":"publish","type":"page","link":"https:\/\/metalistaklo.hr\/en\/cookies\/","title":{"rendered":"Cookies"},"content":{"rendered":"\t\t<div data-elementor-type=\"wp-page\" data-elementor-id=\"5651\" class=\"elementor elementor-5651 elementor-462\" data-elementor-post-type=\"page\">\n\t\t\t\t<div class=\"elementor-element elementor-element-10da662 e-flex e-con-boxed e-con e-parent\" data-id=\"10da662\" data-element_type=\"container\">\n\t\t\t\t\t<div class=\"e-con-inner\">\n\t\t\t\t<div class=\"elementor-element elementor-element-d4430bc elementor-widget elementor-widget-heading\" data-id=\"d4430bc\" data-element_type=\"widget\" data-widget_type=\"heading.default\">\n\t\t\t\t<div class=\"elementor-widget-container\">\n\t\t\t<style>\/*! elementor - v3.23.0 - 05-08-2024 *\/\n.elementor-heading-title{padding:0;margin:0;line-height:1}.elementor-widget-heading .elementor-heading-title[class*=elementor-size-]>a{color:inherit;font-size:inherit;line-height:inherit}.elementor-widget-heading .elementor-heading-title.elementor-size-small{font-size:15px}.elementor-widget-heading .elementor-heading-title.elementor-size-medium{font-size:19px}.elementor-widget-heading .elementor-heading-title.elementor-size-large{font-size:29px}.elementor-widget-heading .elementor-heading-title.elementor-size-xl{font-size:39px}.elementor-widget-heading .elementor-heading-title.elementor-size-xxl{font-size:59px}<\/style><h2 class=\"elementor-heading-title elementor-size-default\">What is a Cookie?<\/h2>\t\t<\/div>\n\t\t\t\t<\/div>\n\t\t\t\t\t<\/div>\n\t\t\t\t<\/div>\n\t\t<div class=\"elementor-element elementor-element-0e1ea9e e-flex e-con-boxed e-con e-parent\" data-id=\"0e1ea9e\" data-element_type=\"container\">\n\t\t\t\t\t<div class=\"e-con-inner\">\n\t\t\t\t<div class=\"elementor-element elementor-element-476f95d elementor-widget elementor-widget-text-editor\" data-id=\"476f95d\" data-element_type=\"widget\" data-widget_type=\"text-editor.default\">\n\t\t\t\t<div class=\"elementor-widget-container\">\n\t\t\t<style>\/*! elementor - v3.23.0 - 05-08-2024 *\/\n.elementor-widget-text-editor.elementor-drop-cap-view-stacked .elementor-drop-cap{background-color:#69727d;color:#fff}.elementor-widget-text-editor.elementor-drop-cap-view-framed .elementor-drop-cap{color:#69727d;border:3px solid;background-color:transparent}.elementor-widget-text-editor:not(.elementor-drop-cap-view-default) .elementor-drop-cap{margin-top:8px}.elementor-widget-text-editor:not(.elementor-drop-cap-view-default) .elementor-drop-cap-letter{width:1em;height:1em}.elementor-widget-text-editor .elementor-drop-cap{float:left;text-align:center;line-height:1;font-size:50px}.elementor-widget-text-editor .elementor-drop-cap-letter{display:inline-block}<\/style>\t\t\t\tA cookie is information stored on your computer by a website you visit. Cookies usually save your settings, such as your preferred language or address, for the website. Later, when you reopen the same website, the browser sends back the cookies that belong to that site. This allows the website to display information tailored to your needs.\n<br><br>\nCookies can store a wide range of information, including personal details (such as your name or email address). However, this information can only be stored if you enable it \u2013 websites cannot access information you have not provided and cannot access other files on your computer. The default activities of storing and sending cookies are not visible to you. However, you can change your browser settings to decide whether to approve or reject requests for storing cookies, delete saved cookies automatically when you close the browser, and similar actions.\t\t\t\t\t\t<\/div>\n\t\t\t\t<\/div>\n\t\t\t\t<div class=\"elementor-element elementor-element-4ca30e9 elementor-widget elementor-widget-heading\" data-id=\"4ca30e9\" data-element_type=\"widget\" data-widget_type=\"heading.default\">\n\t\t\t\t<div class=\"elementor-widget-container\">\n\t\t\t<h2 class=\"elementor-heading-title elementor-size-default\">How to Disable Cookies?<\/h2>\t\t<\/div>\n\t\t\t\t<\/div>\n\t\t\t\t<div class=\"elementor-element elementor-element-68336c4 elementor-widget elementor-widget-text-editor\" data-id=\"68336c4\" data-element_type=\"widget\" data-widget_type=\"text-editor.default\">\n\t\t\t\t<div class=\"elementor-widget-container\">\n\t\t\t\t\t\t\t<p>By disabling cookies, you decide whether to allow cookies to be stored on your computer. Cookie settings can be controlled and configured in your web browser. For information on cookie settings, select the web browser you are using:<\/p><p>Firefox: <a href=\"https:\/\/support.mozilla.org\/en-US\/kb\/enhanced-tracking-protection-firefox-desktop?redirectslug=enable-and-disable-cookies-website-preferences&amp;redirectlocale=en-US\" target=\"_blank\" rel=\"noopener\">Manage Cookies<\/a><\/p><p>Internet Explorer: <a href=\"http:\/\/windows.microsoft.com\/is-is\/internet-explorer\/delete-manage-cookies#ie=ie-10\" target=\"_blank\" rel=\"noopener\">Manage Cookies<\/a><\/p><p>Google Chrome: <a href=\"https:\/\/support.google.com\/chrome\/answer\/95647?hl=en\" target=\"_blank\" rel=\"noopener\">Manage Cookies<\/a><\/p><p>Opera: <a href=\"https:\/\/help.opera.com\/en\/latest\/web-preferences\/\" target=\"_blank\" rel=\"noopener\">Manage Cookies<\/a><\/p><p>For other <a href=\"https:\/\/www.aboutcookies.org\/page-2\" target=\"_blank\" rel=\"noopener\">web browsers<\/a><\/p><p>If you disable cookies, you may not be able to use some of the functionalities on websites.<\/p>\t\t\t\t\t\t<\/div>\n\t\t\t\t<\/div>\n\t\t\t\t<div class=\"elementor-element elementor-element-643bfdb elementor-widget elementor-widget-heading\" data-id=\"643bfdb\" data-element_type=\"widget\" data-widget_type=\"heading.default\">\n\t\t\t\t<div class=\"elementor-widget-container\">\n\t\t\t<h2 class=\"elementor-heading-title elementor-size-default\">What are Temporary Cookies?<\/h2>\t\t<\/div>\n\t\t\t\t<\/div>\n\t\t\t\t<div class=\"elementor-element elementor-element-afa5a96 elementor-widget elementor-widget-text-editor\" data-id=\"afa5a96\" data-element_type=\"widget\" data-widget_type=\"text-editor.default\">\n\t\t\t\t<div class=\"elementor-widget-container\">\n\t\t\t\t\t\t\t<p>Temporary cookies or session cookies are removed from your computer when you close the web browser. They allow websites to store temporary data, such as items in a shopping cart.<\/p>\t\t\t\t\t\t<\/div>\n\t\t\t\t<\/div>\n\t\t\t\t<div class=\"elementor-element elementor-element-ed5df2e elementor-widget elementor-widget-heading\" data-id=\"ed5df2e\" data-element_type=\"widget\" data-widget_type=\"heading.default\">\n\t\t\t\t<div class=\"elementor-widget-container\">\n\t\t\t<h2 class=\"elementor-heading-title elementor-size-default\">What are Persistent Cookies?<\/h2>\t\t<\/div>\n\t\t\t\t<\/div>\n\t\t\t\t<div class=\"elementor-element elementor-element-3dfcb89 elementor-widget elementor-widget-text-editor\" data-id=\"3dfcb89\" data-element_type=\"widget\" data-widget_type=\"text-editor.default\">\n\t\t\t\t<div class=\"elementor-widget-container\">\n\t\t\t\t\t\t\t<p>Persistent or stored cookies remain on your computer after closing the web browser. They allow websites to store information, such as login name and password, so you do not need to log in every time you visit a particular site. Persistent cookies can remain on your computer for days, months, or even years.<\/p>\t\t\t\t\t\t<\/div>\n\t\t\t\t<\/div>\n\t\t\t\t<div class=\"elementor-element elementor-element-121adf6 elementor-widget elementor-widget-heading\" data-id=\"121adf6\" data-element_type=\"widget\" data-widget_type=\"heading.default\">\n\t\t\t\t<div class=\"elementor-widget-container\">\n\t\t\t<h2 class=\"elementor-heading-title elementor-size-default\">What are First-Party Cookies?<\/h2>\t\t<\/div>\n\t\t\t\t<\/div>\n\t\t\t\t<div class=\"elementor-element elementor-element-e51a6b4 elementor-widget elementor-widget-text-editor\" data-id=\"e51a6b4\" data-element_type=\"widget\" data-widget_type=\"text-editor.default\">\n\t\t\t\t<div class=\"elementor-widget-container\">\n\t\t\t\t\t\t\t<p>First-party cookies come from the website you are viewing and can be persistent or temporary. These cookies allow websites to store data that will be used again the next time you visit that site.<\/p>\t\t\t\t\t\t<\/div>\n\t\t\t\t<\/div>\n\t\t\t\t<div class=\"elementor-element elementor-element-7d28de0 elementor-widget elementor-widget-heading\" data-id=\"7d28de0\" data-element_type=\"widget\" data-widget_type=\"heading.default\">\n\t\t\t\t<div class=\"elementor-widget-container\">\n\t\t\t<h2 class=\"elementor-heading-title elementor-size-default\">What are Third-Party Cookies?<\/h2>\t\t<\/div>\n\t\t\t\t<\/div>\n\t\t\t\t<div class=\"elementor-element elementor-element-8725b59 elementor-widget elementor-widget-text-editor\" data-id=\"8725b59\" data-element_type=\"widget\" data-widget_type=\"text-editor.default\">\n\t\t\t\t<div class=\"elementor-widget-container\">\n\t\t\t\t\t\t\t<p>Third-party cookies come from advertisements on other websites (such as pop-up or other ads) that are on the site you are viewing. These cookies can track internet usage for marketing purposes.<\/p>\t\t\t\t\t\t<\/div>\n\t\t\t\t<\/div>\n\t\t\t\t<div class=\"elementor-element elementor-element-2fe8fff elementor-widget elementor-widget-heading\" data-id=\"2fe8fff\" data-element_type=\"widget\" data-widget_type=\"heading.default\">\n\t\t\t\t<div class=\"elementor-widget-container\">\n\t\t\t<h2 class=\"elementor-heading-title elementor-size-default\">Additional Information on Disabling Cookies<\/h2>\t\t<\/div>\n\t\t\t\t<\/div>\n\t\t\t\t<div class=\"elementor-element elementor-element-902ddd2 elementor-widget elementor-widget-text-editor\" data-id=\"902ddd2\" data-element_type=\"widget\" data-widget_type=\"text-editor.default\">\n\t\t\t\t<div class=\"elementor-widget-container\">\n\t\t\t\t\t\t\t<p>If you want to disable the storage of cookies by the mentioned services, you can opt out for each service at the following links:<\/p><p>Google Analytics \u2013 <a href=\"https:\/\/tools.google.com\/dlpage\/gaoptout\" target=\"_blank\" rel=\"noopener\">https:\/\/tools.google.com\/ dlpage\/gaoptout<\/a><\/p><p>Gemius \u2013 <a href=\"http:\/\/privacypolicy.gemius.com\/hr\/\" target=\"_blank\" rel=\"noopener\">http:\/\/optout.hit.gemius.pl\/ removeEN.php<\/a><\/p><p>Xiti \u2013 <a href=\"http:\/\/www.xiti.com\/en\/optout.aspx\" target=\"_blank\" rel=\"noopener\">http:\/\/www.xiti.com\/en\/optout. aspx<\/a><\/p><p>Responsive \u2013 <a href=\"http:\/\/www.responsive.la\/postavke\/\" target=\"_blank\" rel=\"noopener\">www.responsive.la\/postavke<\/a><\/p><p>Advertising<br \/>All advertising positions are delivered through the Adtech advertising system. If you want to disable Adtech from storing your cookies, you can opt-out here: <a target=\"_new\" rel=\"noreferrer\">Adtech Opt-out<\/a>. Besides displaying advertisements through our system, we also show ads from the Google Adsense and DoubleClick networks.<\/p><p><a href=\"https:\/\/myadcenter.google.com\/home?sasb=true&amp;ref=ad-settings\" target=\"_blank\" rel=\"noopener\">If you want to disable the storage of cookies by these services, you can opt-out at the following link: <\/a><a href=\"http:\/\/www.google.com\/ads\/preferences\/html\/opt-out.html\" target=\"_new\" rel=\"noreferrer\">Google Ads Preferences<\/a><a href=\"https:\/\/myadcenter.google.com\/home?sasb=true&amp;ref=ad-settings\" target=\"_blank\" rel=\"noopener\">.<\/a><\/p><p>Trenutno postoji nekoliko web stranica za isklju\u010divanje pohranjivanja kola\u010di\u0107a za razli\u010dite servise.<\/p><p>Currently, there are several websites for disabling the storage of cookies for various services. More information can be found at the following links:<\/p><p><a href=\"http:\/\/www.allaboutcookies.org\/\" target=\"_blank\" rel=\"noopener\">http:\/\/www.allaboutcookies.org\/<\/a><\/p><p><a href=\"http:\/\/www.youronlinechoices.eu\/\" target=\"_blank\" rel=\"noopener\">http:\/\/www.youronlinechoices.eu\/<\/a><\/p>\t\t\t\t\t\t<\/div>\n\t\t\t\t<\/div>\n\t\t\t\t\t<\/div>\n\t\t\t\t<\/div>\n\t\t\t\t<\/div>\n\t\t","protected":false},"excerpt":{"rendered":"<p>What is a Cookie? A cookie is information stored on your computer by a website you visit. Cookies usually save your settings, such as your preferred language or address, for the website. Later, when you reopen the same website, the browser sends back the cookies that belong to that site. This allows the website to [&hellip;]<\/p>\n","protected":false},"author":1,"featured_media":0,"parent":0,"menu_order":0,"comment_status":"closed","ping_status":"closed","template":"","meta":{"footnotes":""},"class_list":["post-5651","page","type-page","status-publish","hentry"],"yoast_head":"<!-- This site is optimized with the Yoast SEO plugin v23.3 - https:\/\/yoast.com\/wordpress\/plugins\/seo\/ -->\n<title>Cookies - Metali i staklo<\/title>\n<meta name=\"description\" content=\"Kola\u010di\u0107 je informacija spremljena na Va\u0161e ra\u010dunalo od strane web stranice koju posjetite. Kola\u010di\u0107i obi\u010dno spremaju Va\u0161e postavke, postavke za web stranicu, kao \u0161to su preferirani jezik ili adresa.\" \/>\n<meta name=\"robots\" content=\"index, follow, max-snippet:-1, max-image-preview:large, max-video-preview:-1\" \/>\n<link rel=\"canonical\" href=\"https:\/\/metalistaklo.hr\/en\/cookies\/\" \/>\n<meta property=\"og:locale\" content=\"en_US\" \/>\n<meta property=\"og:type\" content=\"article\" \/>\n<meta property=\"og:title\" content=\"Cookies - Metali i staklo\" \/>\n<meta property=\"og:description\" content=\"Kola\u010di\u0107 je informacija spremljena na Va\u0161e ra\u010dunalo od strane web stranice koju posjetite. Kola\u010di\u0107i obi\u010dno spremaju Va\u0161e postavke, postavke za web stranicu, kao \u0161to su preferirani jezik ili adresa.\" \/>\n<meta property=\"og:url\" content=\"https:\/\/metalistaklo.hr\/en\/cookies\/\" \/>\n<meta property=\"og:site_name\" content=\"Metali i staklo\" \/>\n<meta property=\"article:modified_time\" content=\"2024-07-30T13:39:54+00:00\" \/>\n<meta property=\"og:image\" content=\"https:\/\/metalistaklo.hr\/wp-content\/uploads\/2024\/09\/1200x675mis.png\" \/>\n\t<meta property=\"og:image:width\" content=\"1200\" \/>\n\t<meta property=\"og:image:height\" content=\"675\" \/>\n\t<meta property=\"og:image:type\" content=\"image\/png\" \/>\n<meta name=\"twitter:card\" content=\"summary_large_image\" \/>\n<meta name=\"twitter:label1\" content=\"Est. reading time\" \/>\n\t<meta name=\"twitter:data1\" content=\"3 minutes\" \/>\n<script type=\"application\/ld+json\" class=\"yoast-schema-graph\">{\"@context\":\"https:\/\/schema.org\",\"@graph\":[{\"@type\":\"WebPage\",\"@id\":\"https:\/\/metalistaklo.hr\/en\/cookies\/\",\"url\":\"https:\/\/metalistaklo.hr\/en\/cookies\/\",\"name\":\"Cookies - Metali i staklo\",\"isPartOf\":{\"@id\":\"https:\/\/metalistaklo.hr\/en\/#website\"},\"datePublished\":\"2024-05-08T07:43:26+00:00\",\"dateModified\":\"2024-07-30T13:39:54+00:00\",\"description\":\"Kola\u010di\u0107 je informacija spremljena na Va\u0161e ra\u010dunalo od strane web stranice koju posjetite. Kola\u010di\u0107i obi\u010dno spremaju Va\u0161e postavke, postavke za web stranicu, kao \u0161to su preferirani jezik ili adresa.\",\"breadcrumb\":{\"@id\":\"https:\/\/metalistaklo.hr\/en\/cookies\/#breadcrumb\"},\"inLanguage\":\"en-US\",\"potentialAction\":[{\"@type\":\"ReadAction\",\"target\":[\"https:\/\/metalistaklo.hr\/en\/cookies\/\"]}]},{\"@type\":\"BreadcrumbList\",\"@id\":\"https:\/\/metalistaklo.hr\/en\/cookies\/#breadcrumb\",\"itemListElement\":[{\"@type\":\"ListItem\",\"position\":1,\"name\":\"Naslovnica\",\"item\":\"https:\/\/metalistaklo.hr\/en\/\"},{\"@type\":\"ListItem\",\"position\":2,\"name\":\"Cookies\"}]},{\"@type\":\"WebSite\",\"@id\":\"https:\/\/metalistaklo.hr\/en\/#website\",\"url\":\"https:\/\/metalistaklo.hr\/en\/\",\"name\":\"Metali staklo\",\"description\":\"Vrhunska rje\u0161enja za suvremeno stanovanje\",\"publisher\":{\"@id\":\"https:\/\/metalistaklo.hr\/en\/#organization\"},\"alternateName\":\"MIS\",\"potentialAction\":[{\"@type\":\"SearchAction\",\"target\":{\"@type\":\"EntryPoint\",\"urlTemplate\":\"https:\/\/metalistaklo.hr\/en\/?s={search_term_string}\"},\"query-input\":\"required name=search_term_string\"}],\"inLanguage\":\"en-US\"},{\"@type\":\"Organization\",\"@id\":\"https:\/\/metalistaklo.hr\/en\/#organization\",\"name\":\"Metali i staklo d.o.o.\",\"url\":\"https:\/\/metalistaklo.hr\/en\/\",\"logo\":{\"@type\":\"ImageObject\",\"inLanguage\":\"en-US\",\"@id\":\"https:\/\/metalistaklo.hr\/en\/#\/schema\/logo\/image\/\",\"url\":\"https:\/\/metalistaklo.hr\/wp-content\/uploads\/2024\/09\/696x696MIS.png\",\"contentUrl\":\"https:\/\/metalistaklo.hr\/wp-content\/uploads\/2024\/09\/696x696MIS.png\",\"width\":696,\"height\":696,\"caption\":\"Metali i staklo d.o.o.\"},\"image\":{\"@id\":\"https:\/\/metalistaklo.hr\/en\/#\/schema\/logo\/image\/\"}}]}<\/script>\n<!-- \/ Yoast SEO plugin. -->","yoast_head_json":{"title":"Cookies - Metali i staklo","description":"Kola\u010di\u0107 je informacija spremljena na Va\u0161e ra\u010dunalo od strane web stranice koju posjetite. Kola\u010di\u0107i obi\u010dno spremaju Va\u0161e postavke, postavke za web stranicu, kao \u0161to su preferirani jezik ili adresa.","robots":{"index":"index","follow":"follow","max-snippet":"max-snippet:-1","max-image-preview":"max-image-preview:large","max-video-preview":"max-video-preview:-1"},"canonical":"https:\/\/metalistaklo.hr\/en\/cookies\/","og_locale":"en_US","og_type":"article","og_title":"Cookies - Metali i staklo","og_description":"Kola\u010di\u0107 je informacija spremljena na Va\u0161e ra\u010dunalo od strane web stranice koju posjetite. Kola\u010di\u0107i obi\u010dno spremaju Va\u0161e postavke, postavke za web stranicu, kao \u0161to su preferirani jezik ili adresa.","og_url":"https:\/\/metalistaklo.hr\/en\/cookies\/","og_site_name":"Metali i staklo","article_modified_time":"2024-07-30T13:39:54+00:00","og_image":[{"width":1200,"height":675,"url":"https:\/\/metalistaklo.hr\/wp-content\/uploads\/2024\/09\/1200x675mis.png","type":"image\/png"}],"twitter_card":"summary_large_image","twitter_misc":{"Est. reading time":"3 minutes"},"schema":{"@context":"https:\/\/schema.org","@graph":[{"@type":"WebPage","@id":"https:\/\/metalistaklo.hr\/en\/cookies\/","url":"https:\/\/metalistaklo.hr\/en\/cookies\/","name":"Cookies - Metali i staklo","isPartOf":{"@id":"https:\/\/metalistaklo.hr\/en\/#website"},"datePublished":"2024-05-08T07:43:26+00:00","dateModified":"2024-07-30T13:39:54+00:00","description":"Kola\u010di\u0107 je informacija spremljena na Va\u0161e ra\u010dunalo od strane web stranice koju posjetite. Kola\u010di\u0107i obi\u010dno spremaju Va\u0161e postavke, postavke za web stranicu, kao \u0161to su preferirani jezik ili adresa.","breadcrumb":{"@id":"https:\/\/metalistaklo.hr\/en\/cookies\/#breadcrumb"},"inLanguage":"en-US","potentialAction":[{"@type":"ReadAction","target":["https:\/\/metalistaklo.hr\/en\/cookies\/"]}]},{"@type":"BreadcrumbList","@id":"https:\/\/metalistaklo.hr\/en\/cookies\/#breadcrumb","itemListElement":[{"@type":"ListItem","position":1,"name":"Naslovnica","item":"https:\/\/metalistaklo.hr\/en\/"},{"@type":"ListItem","position":2,"name":"Cookies"}]},{"@type":"WebSite","@id":"https:\/\/metalistaklo.hr\/en\/#website","url":"https:\/\/metalistaklo.hr\/en\/","name":"Metali staklo","description":"Vrhunska rje\u0161enja za suvremeno stanovanje","publisher":{"@id":"https:\/\/metalistaklo.hr\/en\/#organization"},"alternateName":"MIS","potentialAction":[{"@type":"SearchAction","target":{"@type":"EntryPoint","urlTemplate":"https:\/\/metalistaklo.hr\/en\/?s={search_term_string}"},"query-input":"required name=search_term_string"}],"inLanguage":"en-US"},{"@type":"Organization","@id":"https:\/\/metalistaklo.hr\/en\/#organization","name":"Metali i staklo d.o.o.","url":"https:\/\/metalistaklo.hr\/en\/","logo":{"@type":"ImageObject","inLanguage":"en-US","@id":"https:\/\/metalistaklo.hr\/en\/#\/schema\/logo\/image\/","url":"https:\/\/metalistaklo.hr\/wp-content\/uploads\/2024\/09\/696x696MIS.png","contentUrl":"https:\/\/metalistaklo.hr\/wp-content\/uploads\/2024\/09\/696x696MIS.png","width":696,"height":696,"caption":"Metali i staklo d.o.o."},"image":{"@id":"https:\/\/metalistaklo.hr\/en\/#\/schema\/logo\/image\/"}}]}},"_links":{"self":[{"href":"https:\/\/metalistaklo.hr\/en\/wp-json\/wp\/v2\/pages\/5651","targetHints":{"allow":["GET"]}}],"collection":[{"href":"https:\/\/metalistaklo.hr\/en\/wp-json\/wp\/v2\/pages"}],"about":[{"href":"https:\/\/metalistaklo.hr\/en\/wp-json\/wp\/v2\/types\/page"}],"author":[{"embeddable":true,"href":"https:\/\/metalistaklo.hr\/en\/wp-json\/wp\/v2\/users\/1"}],"replies":[{"embeddable":true,"href":"https:\/\/metalistaklo.hr\/en\/wp-json\/wp\/v2\/comments?post=5651"}],"version-history":[{"count":4,"href":"https:\/\/metalistaklo.hr\/en\/wp-json\/wp\/v2\/pages\/5651\/revisions"}],"predecessor-version":[{"id":5655,"href":"https:\/\/metalistaklo.hr\/en\/wp-json\/wp\/v2\/pages\/5651\/revisions\/5655"}],"wp:attachment":[{"href":"https:\/\/metalistaklo.hr\/en\/wp-json\/wp\/v2\/media?parent=5651"}],"curies":[{"name":"wp","href":"https:\/\/api.w.org\/{rel}","templated":true}]}}