{"id":5601,"date":"2024-02-01T14:05:48","date_gmt":"2024-02-01T13:05:48","guid":{"rendered":"https:\/\/metalistaklo.hr\/pravila-privatnosti\/"},"modified":"2024-07-30T14:09:04","modified_gmt":"2024-07-30T12:09:04","slug":"privacy-policy","status":"publish","type":"page","link":"https:\/\/metalistaklo.hr\/en\/privacy-policy\/","title":{"rendered":"Privacy Policy"},"content":{"rendered":"\t\t<div data-elementor-type=\"wp-page\" data-elementor-id=\"5601\" class=\"elementor elementor-5601 elementor-3\" data-elementor-post-type=\"page\">\n\t\t\t\t<div class=\"elementor-element elementor-element-612c4e1 e-flex e-con-boxed e-con e-parent\" data-id=\"612c4e1\" data-element_type=\"container\">\n\t\t\t\t\t<div class=\"e-con-inner\">\n\t\t\t\t\t<\/div>\n\t\t\t\t<\/div>\n\t\t<div class=\"elementor-element elementor-element-c2537cc e-flex e-con-boxed e-con e-parent\" data-id=\"c2537cc\" data-element_type=\"container\">\n\t\t\t\t\t<div class=\"e-con-inner\">\n\t\t\t\t<div class=\"elementor-element elementor-element-1a27d77 elementor-widget elementor-widget-heading\" data-id=\"1a27d77\" data-element_type=\"widget\" data-widget_type=\"heading.default\">\n\t\t\t\t<div class=\"elementor-widget-container\">\n\t\t\t<style>\/*! elementor - v3.23.0 - 05-08-2024 *\/\n.elementor-heading-title{padding:0;margin:0;line-height:1}.elementor-widget-heading .elementor-heading-title[class*=elementor-size-]>a{color:inherit;font-size:inherit;line-height:inherit}.elementor-widget-heading .elementor-heading-title.elementor-size-small{font-size:15px}.elementor-widget-heading .elementor-heading-title.elementor-size-medium{font-size:19px}.elementor-widget-heading .elementor-heading-title.elementor-size-large{font-size:29px}.elementor-widget-heading .elementor-heading-title.elementor-size-xl{font-size:39px}.elementor-widget-heading .elementor-heading-title.elementor-size-xxl{font-size:59px}<\/style><h2 class=\"elementor-heading-title elementor-size-default\">Purpose of Processing<\/h2>\t\t<\/div>\n\t\t\t\t<\/div>\n\t\t\t\t<div class=\"elementor-element elementor-element-6d9bf0e elementor-widget elementor-widget-text-editor\" data-id=\"6d9bf0e\" data-element_type=\"widget\" data-widget_type=\"text-editor.default\">\n\t\t\t\t<div class=\"elementor-widget-container\">\n\t\t\t<style>\/*! elementor - v3.23.0 - 05-08-2024 *\/\n.elementor-widget-text-editor.elementor-drop-cap-view-stacked .elementor-drop-cap{background-color:#69727d;color:#fff}.elementor-widget-text-editor.elementor-drop-cap-view-framed .elementor-drop-cap{color:#69727d;border:3px solid;background-color:transparent}.elementor-widget-text-editor:not(.elementor-drop-cap-view-default) .elementor-drop-cap{margin-top:8px}.elementor-widget-text-editor:not(.elementor-drop-cap-view-default) .elementor-drop-cap-letter{width:1em;height:1em}.elementor-widget-text-editor .elementor-drop-cap{float:left;text-align:center;line-height:1;font-size:50px}.elementor-widget-text-editor .elementor-drop-cap-letter{display:inline-block}<\/style>\t\t\t\t<p>We collect and process the following personal data: about employees, customers, and suppliers. We collect and process personal data about employees to fulfill legal obligations regarding keeping records of employees and working hours, paying salaries, and other income. We collect and process personal data about customers and suppliers for the purpose of concluding and executing contracts and orders. Personal data includes information necessary for establishing and conducting a business relationship, concluding a sales contract, issuing invoices, and other business correspondence. We are obliged to collect personal data necessary for establishing a business relationship, contact regarding this, and issuing invoices in accordance with the Obligations Act, and you are obliged to provide them because otherwise, we are unable to fulfill our legal obligations and your legal rights. If you refuse to provide such personal data, the consequence for you may be the inability to realize the contracted and ordered work or the conclusion of the contract or the realization of any right from the contract.<\/p>\t\t\t\t\t\t<\/div>\n\t\t\t\t<\/div>\n\t\t\t\t<div class=\"elementor-element elementor-element-d64e777 elementor-widget elementor-widget-heading\" data-id=\"d64e777\" data-element_type=\"widget\" data-widget_type=\"heading.default\">\n\t\t\t\t<div class=\"elementor-widget-container\">\n\t\t\t<h2 class=\"elementor-heading-title elementor-size-default\">Recipients of Personal Data<\/h2>\t\t<\/div>\n\t\t\t\t<\/div>\n\t\t\t\t<div class=\"elementor-element elementor-element-a9f881d elementor-widget elementor-widget-text-editor\" data-id=\"a9f881d\" data-element_type=\"widget\" data-widget_type=\"text-editor.default\">\n\t\t\t\t<div class=\"elementor-widget-container\">\n\t\t\t\t\t\t\t<p>We provide the collected personal data to the accounting service for accounting records and, as needed, to state institutions based on their legal authority. We do not provide personal data to third parties except with your consent.<\/p>\t\t\t\t\t\t<\/div>\n\t\t\t\t<\/div>\n\t\t\t\t<div class=\"elementor-element elementor-element-3488161 elementor-widget elementor-widget-heading\" data-id=\"3488161\" data-element_type=\"widget\" data-widget_type=\"heading.default\">\n\t\t\t\t<div class=\"elementor-widget-container\">\n\t\t\t<h2 class=\"elementor-heading-title elementor-size-default\">Retention Period of Personal Data<\/h2>\t\t<\/div>\n\t\t\t\t<\/div>\n\t\t\t\t<div class=\"elementor-element elementor-element-4e81442 elementor-widget elementor-widget-text-editor\" data-id=\"4e81442\" data-element_type=\"widget\" data-widget_type=\"text-editor.default\">\n\t\t\t\t<div class=\"elementor-widget-container\">\n\t\t\t\t\t\t\t<p>We store personal data for the periods specified by laws and our Data Protection Policy prescribed by the Regulations.<\/p>\t\t\t\t\t\t<\/div>\n\t\t\t\t<\/div>\n\t\t\t\t<div class=\"elementor-element elementor-element-301df8d elementor-widget elementor-widget-heading\" data-id=\"301df8d\" data-element_type=\"widget\" data-widget_type=\"heading.default\">\n\t\t\t\t<div class=\"elementor-widget-container\">\n\t\t\t<h2 class=\"elementor-heading-title elementor-size-default\">Rights of Data Subjects<\/h2>\t\t<\/div>\n\t\t\t\t<\/div>\n\t\t\t\t<div class=\"elementor-element elementor-element-e9400e4 elementor-widget elementor-widget-text-editor\" data-id=\"e9400e4\" data-element_type=\"widget\" data-widget_type=\"text-editor.default\">\n\t\t\t\t<div class=\"elementor-widget-container\">\n\t\t\t\t\t\t\t<p>Every data subject has the right to request access to personal data, correction, deletion, restriction of processing, or to object from us as the data controller. For documented processing of your request, we expect and require that the request be submitted in writing. We are obliged to respond to each of your requests within one month of receipt.<\/p>\t\t\t\t\t\t<\/div>\n\t\t\t\t<\/div>\n\t\t\t\t<div class=\"elementor-element elementor-element-cbb7153 elementor-widget elementor-widget-heading\" data-id=\"cbb7153\" data-element_type=\"widget\" data-widget_type=\"heading.default\">\n\t\t\t\t<div class=\"elementor-widget-container\">\n\t\t\t<h2 class=\"elementor-heading-title elementor-size-default\">Processing Based on Consent<\/h2>\t\t<\/div>\n\t\t\t\t<\/div>\n\t\t\t\t<div class=\"elementor-element elementor-element-da4fbf4 elementor-widget elementor-widget-text-editor\" data-id=\"da4fbf4\" data-element_type=\"widget\" data-widget_type=\"text-editor.default\">\n\t\t\t\t<div class=\"elementor-widget-container\">\n\t\t\t\t\t\t\t<p>If we process personal data based on your consent, you have the right to withdraw such consent at any time. Withdrawal of your consent does not affect the lawfulness of processing your personal data before the withdrawal statement.<\/p>\t\t\t\t\t\t<\/div>\n\t\t\t\t<\/div>\n\t\t\t\t<div class=\"elementor-element elementor-element-99ddf64 elementor-widget elementor-widget-heading\" data-id=\"99ddf64\" data-element_type=\"widget\" data-widget_type=\"heading.default\">\n\t\t\t\t<div class=\"elementor-widget-container\">\n\t\t\t<h2 class=\"elementor-heading-title elementor-size-default\">Right to Complain<\/h2>\t\t<\/div>\n\t\t\t\t<\/div>\n\t\t\t\t<div class=\"elementor-element elementor-element-344dc69 elementor-widget elementor-widget-text-editor\" data-id=\"344dc69\" data-element_type=\"widget\" data-widget_type=\"text-editor.default\">\n\t\t\t\t<div class=\"elementor-widget-container\">\n\t\t\t\t\t\t\t<p>If we do not act on your request to exercise any of your rights as a data subject within one month of receiving your request, we will notify you in writing. If you believe that we have violated your rights as a data subject by our actions, you have the right to file a complaint with the Agency for Personal Data Protection.<\/p>\t\t\t\t\t\t<\/div>\n\t\t\t\t<\/div>\n\t\t\t\t\t<\/div>\n\t\t\t\t<\/div>\n\t\t\t\t<\/div>\n\t\t","protected":false},"excerpt":{"rendered":"<p>Purpose of Processing We collect and process the following personal data: about employees, customers, and suppliers. We collect and process personal data about employees to fulfill legal obligations regarding keeping records of employees and working hours, paying salaries, and other income. We collect and process personal data about customers and suppliers for the purpose of [&hellip;]<\/p>\n","protected":false},"author":1,"featured_media":0,"parent":0,"menu_order":0,"comment_status":"closed","ping_status":"open","template":"","meta":{"footnotes":""},"class_list":["post-5601","page","type-page","status-publish","hentry"],"yoast_head":"<!-- This site is optimized with the Yoast SEO plugin v23.3 - https:\/\/yoast.com\/wordpress\/plugins\/seo\/ -->\n<title>Privacy Policy - Metali i staklo<\/title>\n<meta name=\"description\" content=\"Prikupljamo i obra\u0111ujemo sljede\u0107e osobne podatke: o radnicima, o kupcima i o dobavlja\u010dima.\" \/>\n<meta name=\"robots\" content=\"index, follow, max-snippet:-1, max-image-preview:large, max-video-preview:-1\" \/>\n<link rel=\"canonical\" href=\"https:\/\/metalistaklo.hr\/en\/privacy-policy\/\" \/>\n<meta property=\"og:locale\" content=\"en_US\" \/>\n<meta property=\"og:type\" content=\"article\" \/>\n<meta property=\"og:title\" content=\"Privacy Policy - Metali i staklo\" \/>\n<meta property=\"og:description\" content=\"Prikupljamo i obra\u0111ujemo sljede\u0107e osobne podatke: o radnicima, o kupcima i o dobavlja\u010dima.\" \/>\n<meta property=\"og:url\" content=\"https:\/\/metalistaklo.hr\/en\/privacy-policy\/\" \/>\n<meta property=\"og:site_name\" content=\"Metali i staklo\" \/>\n<meta property=\"article:modified_time\" content=\"2024-07-30T12:09:04+00:00\" \/>\n<meta property=\"og:image\" content=\"https:\/\/metalistaklo.hr\/wp-content\/uploads\/2024\/09\/1200x675mis.png\" \/>\n\t<meta property=\"og:image:width\" content=\"1200\" \/>\n\t<meta property=\"og:image:height\" content=\"675\" \/>\n\t<meta property=\"og:image:type\" content=\"image\/png\" \/>\n<meta name=\"twitter:card\" content=\"summary_large_image\" \/>\n<meta name=\"twitter:label1\" content=\"Est. reading time\" \/>\n\t<meta name=\"twitter:data1\" content=\"2 minutes\" \/>\n<script type=\"application\/ld+json\" class=\"yoast-schema-graph\">{\"@context\":\"https:\/\/schema.org\",\"@graph\":[{\"@type\":\"WebPage\",\"@id\":\"https:\/\/metalistaklo.hr\/en\/privacy-policy\/\",\"url\":\"https:\/\/metalistaklo.hr\/en\/privacy-policy\/\",\"name\":\"Privacy Policy - Metali i staklo\",\"isPartOf\":{\"@id\":\"https:\/\/metalistaklo.hr\/en\/#website\"},\"datePublished\":\"2024-02-01T13:05:48+00:00\",\"dateModified\":\"2024-07-30T12:09:04+00:00\",\"description\":\"Prikupljamo i obra\u0111ujemo sljede\u0107e osobne podatke: o radnicima, o kupcima i o dobavlja\u010dima.\",\"breadcrumb\":{\"@id\":\"https:\/\/metalistaklo.hr\/en\/privacy-policy\/#breadcrumb\"},\"inLanguage\":\"en-US\",\"potentialAction\":[{\"@type\":\"ReadAction\",\"target\":[\"https:\/\/metalistaklo.hr\/en\/privacy-policy\/\"]}]},{\"@type\":\"BreadcrumbList\",\"@id\":\"https:\/\/metalistaklo.hr\/en\/privacy-policy\/#breadcrumb\",\"itemListElement\":[{\"@type\":\"ListItem\",\"position\":1,\"name\":\"Naslovnica\",\"item\":\"https:\/\/metalistaklo.hr\/en\/\"},{\"@type\":\"ListItem\",\"position\":2,\"name\":\"Privacy Policy\"}]},{\"@type\":\"WebSite\",\"@id\":\"https:\/\/metalistaklo.hr\/en\/#website\",\"url\":\"https:\/\/metalistaklo.hr\/en\/\",\"name\":\"Metali staklo\",\"description\":\"Vrhunska rje\u0161enja za suvremeno stanovanje\",\"publisher\":{\"@id\":\"https:\/\/metalistaklo.hr\/en\/#organization\"},\"alternateName\":\"MIS\",\"potentialAction\":[{\"@type\":\"SearchAction\",\"target\":{\"@type\":\"EntryPoint\",\"urlTemplate\":\"https:\/\/metalistaklo.hr\/en\/?s={search_term_string}\"},\"query-input\":\"required name=search_term_string\"}],\"inLanguage\":\"en-US\"},{\"@type\":\"Organization\",\"@id\":\"https:\/\/metalistaklo.hr\/en\/#organization\",\"name\":\"Metali i staklo d.o.o.\",\"url\":\"https:\/\/metalistaklo.hr\/en\/\",\"logo\":{\"@type\":\"ImageObject\",\"inLanguage\":\"en-US\",\"@id\":\"https:\/\/metalistaklo.hr\/en\/#\/schema\/logo\/image\/\",\"url\":\"https:\/\/metalistaklo.hr\/wp-content\/uploads\/2024\/09\/696x696MIS.png\",\"contentUrl\":\"https:\/\/metalistaklo.hr\/wp-content\/uploads\/2024\/09\/696x696MIS.png\",\"width\":696,\"height\":696,\"caption\":\"Metali i staklo d.o.o.\"},\"image\":{\"@id\":\"https:\/\/metalistaklo.hr\/en\/#\/schema\/logo\/image\/\"}}]}<\/script>\n<!-- \/ Yoast SEO plugin. -->","yoast_head_json":{"title":"Privacy Policy - Metali i staklo","description":"Prikupljamo i obra\u0111ujemo sljede\u0107e osobne podatke: o radnicima, o kupcima i o dobavlja\u010dima.","robots":{"index":"index","follow":"follow","max-snippet":"max-snippet:-1","max-image-preview":"max-image-preview:large","max-video-preview":"max-video-preview:-1"},"canonical":"https:\/\/metalistaklo.hr\/en\/privacy-policy\/","og_locale":"en_US","og_type":"article","og_title":"Privacy Policy - Metali i staklo","og_description":"Prikupljamo i obra\u0111ujemo sljede\u0107e osobne podatke: o radnicima, o kupcima i o dobavlja\u010dima.","og_url":"https:\/\/metalistaklo.hr\/en\/privacy-policy\/","og_site_name":"Metali i staklo","article_modified_time":"2024-07-30T12:09:04+00:00","og_image":[{"width":1200,"height":675,"url":"https:\/\/metalistaklo.hr\/wp-content\/uploads\/2024\/09\/1200x675mis.png","type":"image\/png"}],"twitter_card":"summary_large_image","twitter_misc":{"Est. reading time":"2 minutes"},"schema":{"@context":"https:\/\/schema.org","@graph":[{"@type":"WebPage","@id":"https:\/\/metalistaklo.hr\/en\/privacy-policy\/","url":"https:\/\/metalistaklo.hr\/en\/privacy-policy\/","name":"Privacy Policy - Metali i staklo","isPartOf":{"@id":"https:\/\/metalistaklo.hr\/en\/#website"},"datePublished":"2024-02-01T13:05:48+00:00","dateModified":"2024-07-30T12:09:04+00:00","description":"Prikupljamo i obra\u0111ujemo sljede\u0107e osobne podatke: o radnicima, o kupcima i o dobavlja\u010dima.","breadcrumb":{"@id":"https:\/\/metalistaklo.hr\/en\/privacy-policy\/#breadcrumb"},"inLanguage":"en-US","potentialAction":[{"@type":"ReadAction","target":["https:\/\/metalistaklo.hr\/en\/privacy-policy\/"]}]},{"@type":"BreadcrumbList","@id":"https:\/\/metalistaklo.hr\/en\/privacy-policy\/#breadcrumb","itemListElement":[{"@type":"ListItem","position":1,"name":"Naslovnica","item":"https:\/\/metalistaklo.hr\/en\/"},{"@type":"ListItem","position":2,"name":"Privacy Policy"}]},{"@type":"WebSite","@id":"https:\/\/metalistaklo.hr\/en\/#website","url":"https:\/\/metalistaklo.hr\/en\/","name":"Metali staklo","description":"Vrhunska rje\u0161enja za suvremeno stanovanje","publisher":{"@id":"https:\/\/metalistaklo.hr\/en\/#organization"},"alternateName":"MIS","potentialAction":[{"@type":"SearchAction","target":{"@type":"EntryPoint","urlTemplate":"https:\/\/metalistaklo.hr\/en\/?s={search_term_string}"},"query-input":"required name=search_term_string"}],"inLanguage":"en-US"},{"@type":"Organization","@id":"https:\/\/metalistaklo.hr\/en\/#organization","name":"Metali i staklo d.o.o.","url":"https:\/\/metalistaklo.hr\/en\/","logo":{"@type":"ImageObject","inLanguage":"en-US","@id":"https:\/\/metalistaklo.hr\/en\/#\/schema\/logo\/image\/","url":"https:\/\/metalistaklo.hr\/wp-content\/uploads\/2024\/09\/696x696MIS.png","contentUrl":"https:\/\/metalistaklo.hr\/wp-content\/uploads\/2024\/09\/696x696MIS.png","width":696,"height":696,"caption":"Metali i staklo d.o.o."},"image":{"@id":"https:\/\/metalistaklo.hr\/en\/#\/schema\/logo\/image\/"}}]}},"_links":{"self":[{"href":"https:\/\/metalistaklo.hr\/en\/wp-json\/wp\/v2\/pages\/5601","targetHints":{"allow":["GET"]}}],"collection":[{"href":"https:\/\/metalistaklo.hr\/en\/wp-json\/wp\/v2\/pages"}],"about":[{"href":"https:\/\/metalistaklo.hr\/en\/wp-json\/wp\/v2\/types\/page"}],"author":[{"embeddable":true,"href":"https:\/\/metalistaklo.hr\/en\/wp-json\/wp\/v2\/users\/1"}],"replies":[{"embeddable":true,"href":"https:\/\/metalistaklo.hr\/en\/wp-json\/wp\/v2\/comments?post=5601"}],"version-history":[{"count":4,"href":"https:\/\/metalistaklo.hr\/en\/wp-json\/wp\/v2\/pages\/5601\/revisions"}],"predecessor-version":[{"id":5605,"href":"https:\/\/metalistaklo.hr\/en\/wp-json\/wp\/v2\/pages\/5601\/revisions\/5605"}],"wp:attachment":[{"href":"https:\/\/metalistaklo.hr\/en\/wp-json\/wp\/v2\/media?parent=5601"}],"curies":[{"name":"wp","href":"https:\/\/api.w.org\/{rel}","templated":true}]}}